{"id":771,"date":"2020-04-22T13:32:48","date_gmt":"2020-04-22T12:32:48","guid":{"rendered":"https:\/\/mobilka.de\/internet-pakete-fuer-die-sim-karte-simka\/"},"modified":"2026-02-04T18:40:51","modified_gmt":"2026-02-04T17:40:51","slug":"internet-%d0%bf%d0%b0%d0%ba%d0%b5%d1%82%d1%8b","status":"publish","type":"page","link":"https:\/\/mobilka.de\/ru\/simka-%d0%bf%d0%b0%d0%ba%d0%b5%d1%82%d1%8b\/internet-%d0%bf%d0%b0%d0%ba%d0%b5%d1%82%d1%8b","title":{"rendered":"Internet-\u043f\u0430\u043a\u0435\u0442\u044b"},"content":{"rendered":"<div class=\"wp-bootstrap-blocks-container container mb-2\">\n\t\n<div class=\"wp-bootstrap-blocks-row row\">\n\t\n<div class=\"col-12\">\n\t\t\t\n<div id=\"acf-block-spacer-block_420a7864fe9bd367f605fd89476fd077\" class=\"acf-block-spacer c-pt-7\"><\/div>\n\t<\/div>\n\n<div class=\"col-12\">\n\t\t\t\n<h1 id=\"acf-block-heading-block_14c4de9006127fd68cb7850d4d58a9f5\" data-aos=\"fade-in\" class=\" font-size-54 text-white font-weight-bold text-center heading\">Internet-\u043f\u0430\u043a\u0435\u0442\u044b \u0434\u043b\u044f SIM-\u043a\u0430\u0440\u0442\u044b SIMka<\/h1>\n\t<\/div>\n<\/div>\n<\/div><div id=\"acf-block-spacer-block_420a7864fe9bd367f605fd89476fd077\" class=\"acf-block-spacer c-pt-7\"><\/div><div id=\"acf-block-package-block_384acdbf77ee3fdcb4c55c4554c17313\" class=\"acf-block-package\" data-aos=\"fade-in\" data-aos-once=\"true\">\r\n    <div class=\"container\">\r\n\r\n    \r\n            \r\n            \r\n                <div class=\"package\" id=\"bootstrap-acf-block-package-block_384acdbf77ee3fdcb4c55c4554c17313\">\r\n\r\n                                        \r\n                        <div class=\"single-row rounded c-shadow bg-white c-mb-6\">\r\n                                                            <div class=\"single-row__header d-flex flex-wrap flex-xl-nowrap justify-content-center justify-content-md-between\" id=\"heading1\">\r\n                                    <div class=\"single-row__left-col text-center text-md-left\" \r\n                                    \">\r\n                                                                                    <p class=\"single-row__package-type font-size-14 c-mb-2\">HELLO! Travel \u043f\u0430\u043a\u0435\u0442<\/span>\r\n                                        \r\n                                                                                    <h3 class=\"single-row__title font-weight-black font-size-38\">\r\n                                                HELLO! Travel 5                                            <\/h3>\r\n                                        \r\n                                                                                    <div class=\"price\"><div class=\"price__wrapper c-px-3 d-inline-flex\"><div class=\"font-weight-black font-size-60 letter-spacing-minus-50\"><p>9<\/p>\n<\/div><span class=\"price__decimal font-weight-black d-inline-block c-ml-3 letter-spacing-20 font-size-34\">99<\/span><span class=\"price__euro font-weight-black font-size-40\">\u20ac<\/span><span class=\"price__label font-size-14\">*<\/span><\/div><span class=\"price__notice font-size-14 c-mt-2 d-block\">* \u043d\u0430 \u0447\u0435\u0442\u044b\u0440\u0435 \u043d\u0435\u0434\u0435\u043b\u0438<\/span><\/div>\n                                                                            <\/div>\r\n                                    \r\n                                                                            <div class=\"single-row__center-col d-flex align-items-center justify-content-center w-100 entry-content\">\r\n                                                                                            <div class=\"list-styles mb-3 list-styles__tick list-styles__tick--red-color\"><ul>\n<li><strong>5 \u0413\u0411<\/strong> \u043c\u043e\u0431\u0438\u043b\u044c\u043d\u044b\u0439 \u0438\u043d\u0442\u0435\u0440\u043d\u0435\u0442 \u0432\u043a\u043b. <strong>\u0441\u0435\u0442\u044c 5G<\/strong><\/li>\n<li><strong>\u0420\u043e\u0443\u043c\u0438\u043d\u0433 \u0434\u0430\u043d\u043d\u044b\u0445<\/strong> \u0432 \u0422\u0443\u0440\u0446\u0438\u0438, \u0421\u0435\u0440\u0431\u0438\u0438, \u0410\u043b\u0431\u0430\u043d\u0438\u0438, \u0421\u0428\u0410, \u0418\u0437\u0440\u0430\u0438\u043b\u0435, \u0418\u043d\u0434\u0438\u0438 \u0438 \u0432\u043e \u0432\u0441\u0435\u0445 \u0441\u0442\u0440\u0430\u043d\u0430\u0445 \u0415\u0421 (\u043a\u0440\u043e\u043c\u0435 \u0413\u0435\u0440\u043c\u0430\u043d\u0438\u0438).<\/li>\n<li><strong>\u041c\u043d\u043e\u0433\u043e\u043a\u0440\u0430\u0442\u043d\u044b\u0439 \u0437\u0430\u043a\u0430\u0437<\/strong> \u0432\u043e\u0437\u043c\u043e\u0436\u0435\u043d<\/li>\n<\/ul>\n<\/div>\n<p>&nbsp;<\/p>\n                                                                                    <\/div>\r\n\r\n                                        <div class=\"single-row__right-col d-flex flex-wrap flex-md-nowrap text-center text-md-left align-items-center justify-content-center justify-content-md-between\">\r\n                                            <div>\r\n                                                <div class=\"c-mb-6\">\r\n                                                                                                            <div class=\"font-size-18 c-mb-3\">\r\n                                                            <p><strong>\u0417\u0430\u043a\u0430\u0437:<\/strong> <strong>\u2192<\/strong> SMS <strong>5GBPASS<\/strong> \u043d\u0430<\/p>\n                                                        <\/div>\r\n                                                    \r\n                                                                                                                                                                                                                                <span class=\"single-row__right-col-number font-size-18 font-weight-bold d-inline-block line-height-1-2 c-p-2\">\r\n                                                                5                                                            <\/span>\r\n                                                                                                                    <span class=\"single-row__right-col-number font-size-18 font-weight-bold d-inline-block line-height-1-2 c-p-2\">\r\n                                                                5                                                            <\/span>\r\n                                                                                                                    <span class=\"single-row__right-col-number font-size-18 font-weight-bold d-inline-block line-height-1-2 c-p-2\">\r\n                                                                2                                                            <\/span>\r\n                                                                                                                    <span class=\"single-row__right-col-number font-size-18 font-weight-bold d-inline-block line-height-1-2 c-p-2\">\r\n                                                                5                                                            <\/span>\r\n                                                                                                                    <span class=\"single-row__right-col-number font-size-18 font-weight-bold d-inline-block line-height-1-2 c-p-2\">\r\n                                                                5                                                            <\/span>\r\n                                                                                                                                                            <\/div>\r\n\r\n                                                <div>\r\n                                                    \r\n                                                                                                    <\/div>\r\n                                            <\/div>\r\n\r\n                                            \r\n                                        <\/div>\r\n                                                                    <\/div>\r\n                            \r\n                            <div id=\"collapse1\" class=\"collapse\" aria-labelledby=\"heading1\" data-parent=\"#bootstrap-acf-block-package-block_384acdbf77ee3fdcb4c55c4554c17313\">\r\n                                <div class=\"single-row__content entry-content font-size-14 c-px-5 c-py-5 c-mt-0\">\r\n                                    <p>Stand: 01.12.2023 \u2022 Angebot ist g\u00fcltig bis auf Widerruf \u2022 Preise inkl. MwSt. \u2022 Erg\u00e4nzend gelten unsere Allgemeinen Gesch\u00e4ftsbedingungen (abrufbar unter www.lebara.de\/agb) \u2022 Anbieter: Lebara Mobile Germany Ltd., 7th Floor, Import Building, 2 Clove Crescent, East India Dock, London E14 2BE, Gro\u00dfbritannien \u2022 \u201eHELLO! Travel 5\u201c Daten-Roaming-Paket: 5 GB Datenvolumen f\u00fcr die Nutzung mobiler Daten im internationalen Roaming (Daten-Roaming) in der T\u00fcrkei, Serbien, Albanien, USA, Israel, Indien und allen EU-L\u00e4ndern (au\u00dfer Deutschland). 4 Wochen Laufzeit. Die Abrechnung der Datennutzung erfolgt in 100-kB-Schritten und es gilt: 1 GB entspricht 1.000 MB und 1 MB entspricht 1.000 KB. Das Datenvolumen gilt jeweils nur w\u00e4hrend der jeweiligen vierw\u00f6chigen Laufzeit und etwaiges nicht genutztes Datenvolumen verf\u00e4llt ersatzlos zum Ende der vierw\u00f6chigen Laufzeit. Im EU-Roaming nutzen Sie zuerst das Datenvolumen ihres Basis-Tarifs und danach das Datenvolumen dieses Daten-Roaming-Pakets. Mehrmals nachbuchbar und verl\u00e4ngert sich nicht automatisch. Nach Aufbrauch des Datenvolumens oder nach Ablauf der vierw\u00f6chigen Laufzeit gelten wieder die Standard-Roaming-Konditionen gem\u00e4\u00df Preisliste von Lebara (abrufbar unter www.lebara.de\/agb). Die Geschwindigkeit der Daten\u00fcbertragung ist abh\u00e4ngig vom jeweiligen Roaming-Partner.<\/p>\n                                <\/div>\r\n                            <\/div>\r\n\r\n                            <div class=\"single-row__collapse-row d-flex flex-wrap justify-content-center justify-content-md-between align-items-center c-px-5 c-py-4 c-py-md-3\">\r\n                                <button class=\"single-row__collapse-row-button order-2 order-md-1 font-size-13 font-weight-bold bg-transparent position-relative c-ml-5 c-pl-3 border-0 collapsed\" type=\"button\" data-toggle=\"collapse\" data-target=\"#collapse1\" aria-expanded=\"true\" aria-controls=\"collapse1\">\r\n                                    <span class=\"single-row__collapse-row-button--show\">\u041f\u041e\u041a\u0410\u0417\u0410\u0422\u042c \u0414\u0415\u0422\u0410\u041b\u0418<\/span>\r\n                                    <span class=\"single-row__collapse-row-button--hide\">\u0421\u041a\u0420\u042b\u0422\u042c \u0414\u0415\u0422\u0410\u041b\u0418<\/span>\r\n                                <\/button>\r\n\r\n                                                            <\/div>\r\n                        <\/div>\r\n\r\n                                            \r\n                <\/div>\r\n\r\n            \r\n    \r\n    <\/div>\r\n<\/div><div id=\"acf-block-spacer-block_1b75130af429d45543691f9e7aa53acd\" class=\"acf-block-spacer c-pt-8\"><\/div><div id=\"acf-block-white-background-content-block_d52506a1218cd83859b348d8ef7e6ab5\" class=\"acf-block-white-background-content position-relative c-pt-8 c-pb-10 bg-white z-index-0\">\r\n    <div class=\"container\" data-aos=\"fade-in\">\r\n        <div class=\"row justify-content-center\">\r\n            <div class=\"col-md-10 col-lg-9 col-xl-8\">\r\n\r\n                \r\n                    <div class=\"entry-content position-relative z-index-2\">\r\n                        <h2 class=\"h3\">SIMka \u043f\u0440\u0435\u0434\u043b\u0430\u0433\u0430\u0435\u0442 \u0443\u0434\u043e\u0431\u043d\u044b\u0435 \u0442\u0430\u0440\u0438\u0444\u044b \u0441:<\/h2>\n<div class=\"list-styles mb-3 list-styles__tick list-styles__tick--red-color\"><ul>\n<li>\u043c\u043e\u0431\u0438\u043b\u044c\u043d\u044b\u043c \u0438\u043d\u0442\u0435\u0440\u043d\u0435\u0442\u043e\u043c,<\/li>\n<li>\u043c\u0438\u043d\u0443\u0442\u0430\u043c\u0438 \u0434\u043b\u044f \u0437\u0432\u043e\u043d\u043a\u043e\u0432 \u043f\u043e \u0413\u0435\u0440\u043c\u0430\u043d\u0438\u0438,<\/li>\n<li>\u0432\u044b\u0433\u043e\u0434\u043d\u044b\u043c\u0438 \u0443\u0441\u043b\u043e\u0432\u0438\u044f\u043c\u0438 \u0434\u043b\u044f \u043c\u0435\u0436\u0434\u0443\u043d\u0430\u0440\u043e\u0434\u043d\u044b\u0445 \u0437\u0432\u043e\u043d\u043a\u043e\u0432.<\/li>\n<\/ul>\n<\/div>\n<h2 class=\"h3\">\u0412\u044b \u043c\u043e\u0436\u0435\u0442\u0435 \u0432\u044b\u0431\u0440\u0430\u0442\u044c \u0442\u0430\u0440\u0438\u0444:<\/h2>\n<div class=\"list-styles mb-3 list-styles__tick list-styles__tick--red-color\"><ul>\n<li>\u0434\u043b\u044f \u0430\u043a\u0442\u0438\u0432\u043d\u043e\u0433\u043e \u043f\u043e\u043b\u044c\u0437\u043e\u0432\u0430\u043d\u0438\u044f \u0438\u043d\u0442\u0435\u0440\u043d\u0435\u0442\u043e\u043c,<\/li>\n<li>\u0434\u043b\u044f \u0437\u0432\u043e\u043d\u043a\u043e\u0432 \u0432\u043d\u0443\u0442\u0440\u0438 \u0413\u0435\u0440\u043c\u0430\u043d\u0438\u0438,<\/li>\n<li>\u0434\u043b\u044f \u043e\u0431\u0449\u0435\u043d\u0438\u044f \u0441 \u0431\u043b\u0438\u0437\u043a\u0438\u043c\u0438 \u0437\u0430 \u0433\u0440\u0430\u043d\u0438\u0446\u0435\u0439.<\/li>\n<\/ul>\n<\/div>\n<p><strong>\u0410\u043a\u0442\u0443\u0430\u043b\u044c\u043d\u044b\u0435 \u0442\u0430\u0440\u0438\u0444\u044b \u0438 \u0443\u0441\u043b\u043e\u0432\u0438\u044f \u0432\u0441\u0435\u0433\u0434\u0430 \u0443\u043a\u0430\u0437\u0430\u043d\u044b \u043d\u0430 \u0441\u0430\u0439\u0442\u0435.<\/strong><\/p>\n<p>\u0415\u0441\u043b\u0438 \u043d\u0443\u0436\u043d\u0430 \u043f\u043e\u043c\u043e\u0449\u044c \u0441 \u0432\u044b\u0431\u043e\u0440\u043e\u043c \u2014 \u0441\u043b\u0443\u0436\u0431\u0430 \u043f\u043e\u0434\u0434\u0435\u0440\u0436\u043a\u0438 \u043f\u043e\u0434\u0441\u043a\u0430\u0436\u0435\u0442 \u043d\u0430 \u0440\u0443\u0441\u0441\u043a\u043e\u043c \u044f\u0437\u044b\u043a\u0435.<\/p>\n                    <\/div>\r\n\r\n                \r\n            <\/div>\r\n        <\/div>\r\n    <\/div>\r\n\r\n    \r\n<\/div><div id=\"acf-block-spacer-block_25d30240c71a4f3ed2859799bb875f95\" class=\"acf-block-spacer c-pt-6\"><\/div>","protected":false},"excerpt":{"rendered":"","protected":false},"author":1,"featured_media":0,"parent":1685,"menu_order":0,"comment_status":"closed","ping_status":"closed","template":"","meta":{"_acf_changed":false,"footnotes":""},"page_category":[46],"class_list":["post-771","page","type-page","status-publish","hentry"],"acf":[],"yoast_head":"<!-- This site is optimized with the Yoast SEO plugin v27.2 - https:\/\/yoast.com\/product\/yoast-seo-wordpress\/ -->\n<title>Internet-\u043f\u0430\u043a\u0435\u0442\u044b \/ \u043b\u0443\u0447\u0448\u0438\u0435 \u0438\u043d\u0442\u0435\u0440\u043d\u0435\u0442-\u0442\u0430\u0440\u0438\u0444\u044b \u0434\u043b\u044f SIM-\u043a\u0430\u0440\u0442\u044b SIMka<\/title>\n<meta name=\"description\" content=\"\u0418\u043d\u0442\u0435\u0440\u043d\u0435\u0442-\u0442\u0430\u0440\u0438\u0444\u044b. \u0412\u044b\u0441\u043e\u043a\u043e\u0441\u043a\u043e\u0440\u043e\u0441\u0442\u043d\u043e\u0439 \u043c\u043e\u0431\u0438\u043b\u044c\u043d\u044b\u0439 \u0438\u043d\u0442\u0435\u0440\u043d\u0435\u0442 \u0432\u043a\u043b. LTE. \u041e\u0431\u044a\u0451\u043c\u044b \u0434\u0430\u043d\u043d\u044b\u0445 \u0434\u043e 50 \u0413\u0411. \u0412\u043e\u0437\u043c\u043e\u0436\u043d\u043e\u0441\u0442\u044c \u0434\u043e\u0437\u0430\u043a\u0430\u0437\u0430 \u0434\u043e\u043f\u043e\u043b\u043d\u0438\u0442\u0435\u043b\u044c\u043d\u044b\u0445 \u043e\u0431\u044a\u0451\u043c\u043e\u0432 \u0434\u0430\u043d\u043d\u044b\u0445.\" \/>\n<meta name=\"robots\" content=\"index, follow, max-snippet:-1, max-image-preview:large, max-video-preview:-1\" \/>\n<link rel=\"canonical\" href=\"https:\/\/mobilka.de\/ru\/simka-\u043f\u0430\u043a\u0435\u0442\u044b\/internet-\u043f\u0430\u043a\u0435\u0442\u044b\" \/>\n<meta property=\"og:locale\" content=\"ru_RU\" \/>\n<meta property=\"og:type\" content=\"article\" \/>\n<meta property=\"og:url\" content=\"https:\/\/mobilka.de\/ru\/simka-\u043f\u0430\u043a\u0435\u0442\u044b\/internet-\u043f\u0430\u043a\u0435\u0442\u044b\" \/>\n<meta property=\"og:site_name\" content=\"Mobilka\" \/>\n<meta property=\"article:modified_time\" content=\"2026-02-04T17:40:51+00:00\" \/>\n<meta property=\"og:image\" content=\"https:\/\/mobilka.de\/wp-content\/uploads\/2020\/05\/OG_1200x630px.jpg\" \/>\n\t<meta property=\"og:image:width\" content=\"1200\" \/>\n\t<meta property=\"og:image:height\" content=\"630\" \/>\n\t<meta property=\"og:image:type\" content=\"image\/jpeg\" \/>\n<meta name=\"twitter:card\" content=\"summary_large_image\" \/>\n<meta name=\"twitter:label1\" content=\"\u041f\u0440\u0438\u043c\u0435\u0440\u043d\u043e\u0435 \u0432\u0440\u0435\u043c\u044f \u0434\u043b\u044f \u0447\u0442\u0435\u043d\u0438\u044f\" \/>\n\t<meta name=\"twitter:data1\" content=\"2 \u043c\u0438\u043d\u0443\u0442\u044b\" \/>\n<script type=\"application\/ld+json\" class=\"yoast-schema-graph\">{\"@context\":\"https:\/\/schema.org\",\"@graph\":[{\"@type\":\"WebPage\",\"@id\":\"https:\/\/mobilka.de\/ru\/simka-%d0%bf%d0%b0%d0%ba%d0%b5%d1%82%d1%8b\/internet-%d0%bf%d0%b0%d0%ba%d0%b5%d1%82%d1%8b\",\"url\":\"https:\/\/mobilka.de\/ru\/simka-%d0%bf%d0%b0%d0%ba%d0%b5%d1%82%d1%8b\/internet-%d0%bf%d0%b0%d0%ba%d0%b5%d1%82%d1%8b\",\"name\":\"Internet-\u043f\u0430\u043a\u0435\u0442\u044b \/ \u043b\u0443\u0447\u0448\u0438\u0435 \u0438\u043d\u0442\u0435\u0440\u043d\u0435\u0442-\u0442\u0430\u0440\u0438\u0444\u044b \u0434\u043b\u044f SIM-\u043a\u0430\u0440\u0442\u044b SIMka\",\"isPartOf\":{\"@id\":\"https:\/\/mobilka.de\/#website\"},\"datePublished\":\"2020-04-22T12:32:48+00:00\",\"dateModified\":\"2026-02-04T17:40:51+00:00\",\"description\":\"\u0418\u043d\u0442\u0435\u0440\u043d\u0435\u0442-\u0442\u0430\u0440\u0438\u0444\u044b. \u0412\u044b\u0441\u043e\u043a\u043e\u0441\u043a\u043e\u0440\u043e\u0441\u0442\u043d\u043e\u0439 \u043c\u043e\u0431\u0438\u043b\u044c\u043d\u044b\u0439 \u0438\u043d\u0442\u0435\u0440\u043d\u0435\u0442 \u0432\u043a\u043b. LTE. \u041e\u0431\u044a\u0451\u043c\u044b \u0434\u0430\u043d\u043d\u044b\u0445 \u0434\u043e 50 \u0413\u0411. \u0412\u043e\u0437\u043c\u043e\u0436\u043d\u043e\u0441\u0442\u044c \u0434\u043e\u0437\u0430\u043a\u0430\u0437\u0430 \u0434\u043e\u043f\u043e\u043b\u043d\u0438\u0442\u0435\u043b\u044c\u043d\u044b\u0445 \u043e\u0431\u044a\u0451\u043c\u043e\u0432 \u0434\u0430\u043d\u043d\u044b\u0445.\",\"breadcrumb\":{\"@id\":\"https:\/\/mobilka.de\/ru\/simka-%d0%bf%d0%b0%d0%ba%d0%b5%d1%82%d1%8b\/internet-%d0%bf%d0%b0%d0%ba%d0%b5%d1%82%d1%8b#breadcrumb\"},\"inLanguage\":\"ru-RU\",\"potentialAction\":[{\"@type\":\"ReadAction\",\"target\":[\"https:\/\/mobilka.de\/ru\/simka-%d0%bf%d0%b0%d0%ba%d0%b5%d1%82%d1%8b\/internet-%d0%bf%d0%b0%d0%ba%d0%b5%d1%82%d1%8b\"]}]},{\"@type\":\"BreadcrumbList\",\"@id\":\"https:\/\/mobilka.de\/ru\/simka-%d0%bf%d0%b0%d0%ba%d0%b5%d1%82%d1%8b\/internet-%d0%bf%d0%b0%d0%ba%d0%b5%d1%82%d1%8b#breadcrumb\",\"itemListElement\":[{\"@type\":\"ListItem\",\"position\":1,\"name\":\"Home\",\"item\":\"https:\/\/mobilka.de\/ru\"},{\"@type\":\"ListItem\",\"position\":2,\"name\":\"SIMka \u043f\u0430\u043a\u0435\u0442\u044b\",\"item\":\"https:\/\/mobilka.de\/ru\/simka-%d0%bf%d0%b0%d0%ba%d0%b5%d1%82%d1%8b\"},{\"@type\":\"ListItem\",\"position\":3,\"name\":\"Internet-\u043f\u0430\u043a\u0435\u0442\u044b\"}]},{\"@type\":\"WebSite\",\"@id\":\"https:\/\/mobilka.de\/#website\",\"url\":\"https:\/\/mobilka.de\/\",\"name\":\"Mobilka\",\"description\":\"Mobil g\u00fcnstig ins Ausland telefonieren\",\"potentialAction\":[{\"@type\":\"SearchAction\",\"target\":{\"@type\":\"EntryPoint\",\"urlTemplate\":\"https:\/\/mobilka.de\/?s={search_term_string}\"},\"query-input\":{\"@type\":\"PropertyValueSpecification\",\"valueRequired\":true,\"valueName\":\"search_term_string\"}}],\"inLanguage\":\"ru-RU\"}]}<\/script>\n<!-- \/ Yoast SEO plugin. -->","yoast_head_json":{"title":"Internet-\u043f\u0430\u043a\u0435\u0442\u044b \/ \u043b\u0443\u0447\u0448\u0438\u0435 \u0438\u043d\u0442\u0435\u0440\u043d\u0435\u0442-\u0442\u0430\u0440\u0438\u0444\u044b \u0434\u043b\u044f SIM-\u043a\u0430\u0440\u0442\u044b SIMka","description":"\u0418\u043d\u0442\u0435\u0440\u043d\u0435\u0442-\u0442\u0430\u0440\u0438\u0444\u044b. \u0412\u044b\u0441\u043e\u043a\u043e\u0441\u043a\u043e\u0440\u043e\u0441\u0442\u043d\u043e\u0439 \u043c\u043e\u0431\u0438\u043b\u044c\u043d\u044b\u0439 \u0438\u043d\u0442\u0435\u0440\u043d\u0435\u0442 \u0432\u043a\u043b. LTE. \u041e\u0431\u044a\u0451\u043c\u044b \u0434\u0430\u043d\u043d\u044b\u0445 \u0434\u043e 50 \u0413\u0411. \u0412\u043e\u0437\u043c\u043e\u0436\u043d\u043e\u0441\u0442\u044c \u0434\u043e\u0437\u0430\u043a\u0430\u0437\u0430 \u0434\u043e\u043f\u043e\u043b\u043d\u0438\u0442\u0435\u043b\u044c\u043d\u044b\u0445 \u043e\u0431\u044a\u0451\u043c\u043e\u0432 \u0434\u0430\u043d\u043d\u044b\u0445.","robots":{"index":"index","follow":"follow","max-snippet":"max-snippet:-1","max-image-preview":"max-image-preview:large","max-video-preview":"max-video-preview:-1"},"canonical":"https:\/\/mobilka.de\/ru\/simka-\u043f\u0430\u043a\u0435\u0442\u044b\/internet-\u043f\u0430\u043a\u0435\u0442\u044b","og_locale":"ru_RU","og_type":"article","og_url":"https:\/\/mobilka.de\/ru\/simka-\u043f\u0430\u043a\u0435\u0442\u044b\/internet-\u043f\u0430\u043a\u0435\u0442\u044b","og_site_name":"Mobilka","article_modified_time":"2026-02-04T17:40:51+00:00","og_image":[{"width":1200,"height":630,"url":"https:\/\/mobilka.de\/wp-content\/uploads\/2020\/05\/OG_1200x630px.jpg","type":"image\/jpeg"}],"twitter_card":"summary_large_image","twitter_misc":{"\u041f\u0440\u0438\u043c\u0435\u0440\u043d\u043e\u0435 \u0432\u0440\u0435\u043c\u044f \u0434\u043b\u044f \u0447\u0442\u0435\u043d\u0438\u044f":"2 \u043c\u0438\u043d\u0443\u0442\u044b"},"schema":{"@context":"https:\/\/schema.org","@graph":[{"@type":"WebPage","@id":"https:\/\/mobilka.de\/ru\/simka-%d0%bf%d0%b0%d0%ba%d0%b5%d1%82%d1%8b\/internet-%d0%bf%d0%b0%d0%ba%d0%b5%d1%82%d1%8b","url":"https:\/\/mobilka.de\/ru\/simka-%d0%bf%d0%b0%d0%ba%d0%b5%d1%82%d1%8b\/internet-%d0%bf%d0%b0%d0%ba%d0%b5%d1%82%d1%8b","name":"Internet-\u043f\u0430\u043a\u0435\u0442\u044b \/ \u043b\u0443\u0447\u0448\u0438\u0435 \u0438\u043d\u0442\u0435\u0440\u043d\u0435\u0442-\u0442\u0430\u0440\u0438\u0444\u044b \u0434\u043b\u044f SIM-\u043a\u0430\u0440\u0442\u044b SIMka","isPartOf":{"@id":"https:\/\/mobilka.de\/#website"},"datePublished":"2020-04-22T12:32:48+00:00","dateModified":"2026-02-04T17:40:51+00:00","description":"\u0418\u043d\u0442\u0435\u0440\u043d\u0435\u0442-\u0442\u0430\u0440\u0438\u0444\u044b. \u0412\u044b\u0441\u043e\u043a\u043e\u0441\u043a\u043e\u0440\u043e\u0441\u0442\u043d\u043e\u0439 \u043c\u043e\u0431\u0438\u043b\u044c\u043d\u044b\u0439 \u0438\u043d\u0442\u0435\u0440\u043d\u0435\u0442 \u0432\u043a\u043b. LTE. \u041e\u0431\u044a\u0451\u043c\u044b \u0434\u0430\u043d\u043d\u044b\u0445 \u0434\u043e 50 \u0413\u0411. \u0412\u043e\u0437\u043c\u043e\u0436\u043d\u043e\u0441\u0442\u044c \u0434\u043e\u0437\u0430\u043a\u0430\u0437\u0430 \u0434\u043e\u043f\u043e\u043b\u043d\u0438\u0442\u0435\u043b\u044c\u043d\u044b\u0445 \u043e\u0431\u044a\u0451\u043c\u043e\u0432 \u0434\u0430\u043d\u043d\u044b\u0445.","breadcrumb":{"@id":"https:\/\/mobilka.de\/ru\/simka-%d0%bf%d0%b0%d0%ba%d0%b5%d1%82%d1%8b\/internet-%d0%bf%d0%b0%d0%ba%d0%b5%d1%82%d1%8b#breadcrumb"},"inLanguage":"ru-RU","potentialAction":[{"@type":"ReadAction","target":["https:\/\/mobilka.de\/ru\/simka-%d0%bf%d0%b0%d0%ba%d0%b5%d1%82%d1%8b\/internet-%d0%bf%d0%b0%d0%ba%d0%b5%d1%82%d1%8b"]}]},{"@type":"BreadcrumbList","@id":"https:\/\/mobilka.de\/ru\/simka-%d0%bf%d0%b0%d0%ba%d0%b5%d1%82%d1%8b\/internet-%d0%bf%d0%b0%d0%ba%d0%b5%d1%82%d1%8b#breadcrumb","itemListElement":[{"@type":"ListItem","position":1,"name":"Home","item":"https:\/\/mobilka.de\/ru"},{"@type":"ListItem","position":2,"name":"SIMka \u043f\u0430\u043a\u0435\u0442\u044b","item":"https:\/\/mobilka.de\/ru\/simka-%d0%bf%d0%b0%d0%ba%d0%b5%d1%82%d1%8b"},{"@type":"ListItem","position":3,"name":"Internet-\u043f\u0430\u043a\u0435\u0442\u044b"}]},{"@type":"WebSite","@id":"https:\/\/mobilka.de\/#website","url":"https:\/\/mobilka.de\/","name":"Mobilka","description":"Mobil g\u00fcnstig ins Ausland telefonieren","potentialAction":[{"@type":"SearchAction","target":{"@type":"EntryPoint","urlTemplate":"https:\/\/mobilka.de\/?s={search_term_string}"},"query-input":{"@type":"PropertyValueSpecification","valueRequired":true,"valueName":"search_term_string"}}],"inLanguage":"ru-RU"}]}},"_links":{"self":[{"href":"https:\/\/mobilka.de\/ru\/wp-json\/wp\/v2\/pages\/771","targetHints":{"allow":["GET"]}}],"collection":[{"href":"https:\/\/mobilka.de\/ru\/wp-json\/wp\/v2\/pages"}],"about":[{"href":"https:\/\/mobilka.de\/ru\/wp-json\/wp\/v2\/types\/page"}],"author":[{"embeddable":true,"href":"https:\/\/mobilka.de\/ru\/wp-json\/wp\/v2\/users\/1"}],"replies":[{"embeddable":true,"href":"https:\/\/mobilka.de\/ru\/wp-json\/wp\/v2\/comments?post=771"}],"version-history":[{"count":0,"href":"https:\/\/mobilka.de\/ru\/wp-json\/wp\/v2\/pages\/771\/revisions"}],"up":[{"embeddable":true,"href":"https:\/\/mobilka.de\/ru\/wp-json\/wp\/v2\/pages\/1685"}],"wp:attachment":[{"href":"https:\/\/mobilka.de\/ru\/wp-json\/wp\/v2\/media?parent=771"}],"wp:term":[{"taxonomy":"page_category","embeddable":true,"href":"https:\/\/mobilka.de\/ru\/wp-json\/wp\/v2\/page_category?post=771"}],"curies":[{"name":"wp","href":"https:\/\/api.w.org\/{rel}","templated":true}]}}