{"id":764,"date":"2020-04-29T12:04:08","date_gmt":"2020-04-29T11:04:08","guid":{"rendered":"https:\/\/mobilka.de\/datenschutz\/"},"modified":"2023-05-12T07:51:17","modified_gmt":"2023-05-12T05:51:17","slug":"%d0%b7%d0%b0%d1%89%d0%b8%d1%82%d0%b0-%d0%b4%d0%b0%d0%bd%d0%bd%d1%8b%d1%85","status":"publish","type":"page","link":"https:\/\/mobilka.de\/ru\/%d0%b7%d0%b0%d1%89%d0%b8%d1%82%d0%b0-%d0%b4%d0%b0%d0%bd%d0%bd%d1%8b%d1%85","title":{"rendered":"\u0417\u0430\u0449\u0438\u0442\u0430 \u0434\u0430\u043d\u043d\u044b\u0445"},"content":{"rendered":"<div class=\"wp-bootstrap-blocks-container container mb-2\">\n\t\n<div class=\"wp-bootstrap-blocks-row row\">\n\t\n<div class=\"col-12\">\n\t\t\t\n<div id=\"acf-block-spacer-block_7ef55b91ba269e903ce9e6057472b8d1\" class=\"acf-block-spacer c-pt-7\"><\/div>\n\n<p><\/p>\n\t<\/div>\n\n<div class=\"col-12\">\n\t\t\t\n<h1 id=\"acf-block-heading-block_39d83e18ce6a59d588387b9935bd58de\" data-aos=\"fade-in\" class=\" font-size-54 text-white font-weight-bold text-center heading\">\u0417\u0430\u0449\u0438\u0442\u0430 \u0434\u0430\u043d\u043d\u044b\u0445<\/h1>\n\n<div id=\"acf-block-spacer-block_7ef55b91ba269e903ce9e6057472b8d1\" class=\"acf-block-spacer c-pt-7\"><\/div>\n\t<\/div>\n\n<div class=\"col-12\">\n\t\t\t\n<div id=\"acf-block-white-wrapper-block_b4d88223f80bbb056fb989b819014a20\" class=\"acf-block-white-wrapper bg-white rounded c-shadow c-p-5 font-size-15 entry-content\">\r\n    <h2 class=\"h3\">1. Information \u00fcber die Erhebung personenbezogener Daten<\/h2>\n<p><strong>1.1<\/strong> Im Folgenden informieren wir \u00fcber die Erhebung personenbezogener Daten bei Nutzung unserer Internetseite. Personenbezogene Daten sind alle Daten, die auf Sie pers\u00f6nlich beziehbar sind, z. B. Name, Adresse, E-Mail-Adressen, Nutzerverhalten.<\/p>\n<p>Verantwortlicher gem. Art. 4 Abs. 7 EU-Datenschutz-Grundverordnung (DS-GVO) ist<br \/>\nMobilka GmbH<br \/>\nKunz-Buntschuh-Strasse 13<br \/>\n14193 Berlin<br \/>\nTelefon: +49 30 20 65 83 34<br \/>\n<a href=\"mailto:datenschutz@mobilka.de\">datenschutz@mobilka.de<\/a> (siehe auch unser <a href=\"https:\/\/mobilka.de\/impressum\">Impressum<\/a>).<\/p>\n<p><strong>1.2<\/strong> Bei Ihrer Kontaktaufnahme mit uns per E-Mail oder \u00fcber ein Kontaktformular werden die von Ihnen mitgeteilten Daten (Ihre E-Mail-Adresse, ggf. Ihr Name und Ihre Telefonnummer) von uns gespeichert, um Ihre Fragen zu beantworten. Rechtsgrundlage hierf\u00fcr ist Art. 6 Abs. 1 S. 1 lit. a DS-GVO. Dienen die Angaben der Erf\u00fcllung eines Vertrages, dessen Vertragspartei Sie sind oder der Durchf\u00fchrung vorvertraglicher Ma\u00dfnahmen, so ist zus\u00e4tzliche Rechtsgrundlage f\u00fcr die Verarbeitung der Daten Art. 6 Abs. 1 lit. b DSGVO.<\/p>\n<p>Die in diesem Zusammenhang anfallenden Daten l\u00f6schen wir, nachdem die Speicherung nicht mehr erforderlich ist, oder schr\u00e4nken die Verarbeitung ein, falls gesetzliche Aufbewahrungspflichten bestehen.<\/p>\n<p>Wir weisen darauf hin, dass die Daten\u00fcbertragung im Internet (z.B. bei der Kommunikation per E-Mail) Sicherheitsl\u00fccken aufweisen kann. Ein l\u00fcckenloser Schutz der Daten vor dem Zugriff durch Dritte ist nicht m\u00f6glich.<\/p>\n<p><strong>1.3<\/strong> Teilweise bedienen wir uns zur Verarbeitung Ihrer Daten externe Dienstleister. Diese wurden von uns sorgf\u00e4ltig ausgew\u00e4hlt und beauftragt, sind an unsere Weisungen gebunden und werden regelm\u00e4\u00dfig kontrolliert.<\/p>\n<h2 class=\"h3\">2. Erhebung personenbezogener Daten beim Besuch unserer Internetseite<\/h2>\n<p><strong>2.1<\/strong> Bei der blo\u00df informatorischen Nutzung der Internetseite, also wenn Sie sich nicht registrieren oder uns anderweitig Informationen \u00fcbermitteln, erheben wir nur die personenbezogenen Daten, die Ihr Browser an unseren Server \u00fcbermittelt. Wenn Sie unsere Internetseite betrachten m\u00f6chten, erheben wir die folgenden Daten:<\/p>\n<div class=\"list-styles mb-3 list-styles__circle list-styles__circle--secondary-color one-col\"><ul>\n<li>Browsertyp und Browserversion<\/li>\n<li>verwendetes Betriebssystem<\/li>\n<li>Referrer URL<\/li>\n<li>Hostname des zugreifenden Rechners<\/li>\n<li>Uhrzeit der Serveranfrage<\/li>\n<\/ul>\n<\/div>\n<p>Die Daten werden in den Logfiles unseres Systems gespeichert. Eine Speicherung dieser Daten zusammen mit anderen personenbezogenen Daten des Nutzers findet nicht statt.<\/p>\n<p><strong>2.2<\/strong> Rechtsgrundlage f\u00fcr die Erhebung und Speicherung der Daten ist Art. 6 Abs. 1 lit. f DSGVO.<\/p>\n<p><strong>2.3<\/strong> Die Daten sind f\u00fcr uns technisch erforderlich, um Ihnen unsere Internetseite anzuzeigen und die Stabilit\u00e4t und Sicherheit zu gew\u00e4hrleisten. Die Speicherung in Logfiles erfolgt, um die Funktionsf\u00e4higkeit der Internetseite sicherzustellen. Zudem dienen uns die Daten zur Optimierung der Internetseite und zur Sicherstellung der Sicherheit unserer informationstechnischen Systeme. Eine Auswertung der Daten zu Marketingzwecken findet in diesem Zusammenhang nicht statt.<br \/>\nIn diesen Zwecken liegt auch unser berechtigtes Interesse an der Datenverarbeitung nach Art. 6 Abs. 1 lit. f DSGVO.<\/p>\n<p><strong>2.4<\/strong> Die Daten werden gel\u00f6scht, sobald sie f\u00fcr die Erreichung des Zweckes ihrer Erhebung nicht mehr erforderlich sind. Im Falle der Erfassung der Daten zur Bereitstellung der Internetseite ist dies der Fall, wenn die jeweilige Sitzung beendet ist. Im Falle der Speicherung der Daten in Logfiles ist dies nach sp\u00e4testens sieben Tagen der Fall. Eine dar\u00fcberhinausgehende Speicherung ist m\u00f6glich. In diesem Fall werden die IP-Adressen gel\u00f6scht oder verfremdet, sodass eine Zuordnung des aufrufenden Clients nicht mehr m\u00f6glich ist.<\/p>\n<p><strong>2.5<\/strong> Die Erfassung der Daten zur Bereitstellung der Internetseite und die Speicherung der Daten in Logfiles ist f\u00fcr den Betrieb der Internetseite zwingend erforderlich. Es besteht folglich seitens des Nutzers keine Widerspruchsm\u00f6glichkeit. Wenn Sie hiermit nicht einverstanden sind, empfehlen wir, die Internetseite zu verlassen.<\/p>\n<h2 id=\"cookies\" class=\"h3\">3. Erhebung weiterer personenbezogener Daten beim Besuch unserer Internetseite durch Cookies<\/h2>\n<p><strong>3.1<\/strong> Zus\u00e4tzlich zu den zuvor genannten, von Ihrem Browser unserem Server mitgeteilten Daten werden bei Ihrer Nutzung unserer Internetseite Cookies auf Ihrem Rechner gespeichert.<\/p>\n<p>Bei Cookies handelt es sich um kleine Textdateien, die auf Ihrer Festplatte dem von Ihnen verwendeten Browser zugeordnet gespeichert werden und durch welche der Stelle, die den Cookie setzt (hier durch uns), bestimmte Informationen zuflie\u00dfen. Cookies k\u00f6nnen keine Programme ausf\u00fchren oder Viren auf Ihren Computer \u00fcbertragen. Sie dienen dazu, das Internetangebot insgesamt nutzerfreundlicher und effektiver zu machen, au\u00dferdem das Nutzerverhalten auf unserer Internetseite zu analysieren.<\/p>\n<p><strong>3.2<\/strong> Es gibt unterschiedliche Arten von Cookies, deren Umfang und Funktionsweise im Folgenden erl\u00e4utert werden.<\/p>\n<p>Es gibt sog. \u201cSession Cookies\u201d. Diese werden automatisiert gel\u00f6scht, wenn Sie den Browser schlie\u00dfen. Sie speichern eine sogenannte Session-ID, mit welcher sich verschiedene Anfragen Ihres Browsers der gemeinsamen Sitzung zuordnen lassen. Dadurch kann Ihr Rechner wiedererkannt werden, wenn Sie auf unsere Internetseite zur\u00fcckkehren. Die Session-Cookies werden gel\u00f6scht, wenn Sie sich ausloggen oder den Browser schlie\u00dfen.<\/p>\n<p>Daneben gibt es persistente Cookies, die automatisiert nach einer vorgegebenen Dauer gel\u00f6scht werden welche sich je nach Cookie unterscheiden kann. Sie k\u00f6nnen die Cookies in den Sicherheitseinstellungen Ihres Browsers jederzeit l\u00f6schen. Persistente Cookies werden von uns nicht verwendet.<\/p>\n<p><strong>3.3<\/strong> Wir setzen Cookies ein, um unsere Internetseite nutzerfreundlicher zu gestalten. Einige Elemente unserer Internetseite erfordern es, dass der aufrufende Browser auch nach einem Seitenwechsel identifiziert werden kann. In diesen Cookies werden dabei folgende Daten gespeichert und \u00fcbermittelt:(&#8230;)<\/p>\n<p>Au\u00dferdem verwenden wir auf unserer Internetseite Cookies, die eine Analyse des Surfverhaltens der Nutzer erm\u00f6glichen. Hierzu k\u00f6nnen folgende Daten \u00fcbermittelt werden: (&#8230;)<\/p>\n<p>Die auf diese Weise erhobenen Daten der Nutzer werden durch technische Vorkehrungen pseudonymisiert. Daher ist eine Zuordnung der Daten zum aufrufenden Nutzer, d.h. zu Ihnen nicht mehr m\u00f6glich. Die Daten werden nicht gemeinsam mit sonstigen personenbezogenen Daten der Nutzer gespeichert.<\/p>\n<p>Beim Aufruf unserer Webseite werden Sie durch einen Infobanner \u00fcber die Verwendung von Cookies insbesondere auch zu Analysezwecken informiert und auf diese Datenschutzerkl\u00e4rung verwiesen. Es wird Ihre Einwilligung zur Erhebung und Verarbeitung der in diesem Zusammenhang verwendeten personenbezogenen Daten zu Analysezwecken eingeholt. Sofern Sie diese Einwilligung nicht erteilen, werden die Cookies zu Analysezwecken nicht verwendet, allerdings kann dies im Einzelfall Funktionalit\u00e4ten der Internetseite einschr\u00e4nken.<\/p>\n<p><strong>3.4<\/strong> Die Rechtsgrundlage f\u00fcr die Verarbeitung personenbezogener Daten unter Verwendung von technisch notwendigen Cookies ist Art. 6 Abs. 1 lit. f DSGVO. Die Rechtsgrundlage f\u00fcr die Verarbeitung personenbezogener Daten unter Verwendung von Cookies zu Analysezwecken ist bei Vorliegen Ihrer diesbez\u00fcglichen Einwilligung Art. 6 Abs. 1 lit. a DSGVO.<\/p>\n<p><strong>3.5<\/strong> Der Zweck der Verwendung von Cookies ist, die Nutzung von Internetseiten f\u00fcr die Nutzer zu vereinfachen. Wir verwenden auf unserer Internetseite sowohl technisch notwendige Cookies als auch solche, die die Analyse des Surfverhaltens der Nutzer erm\u00f6glichen. Die Cookies dienen dazu, Funktionen der Internetseite zu erm\u00f6glichen, au\u00dferdem ggf., um Sie bei Folgebesuchen identifizieren zu k\u00f6nnen oder z.B. eine Spracheinstellung oder den Inhalt eines Warenkorbs erfassen zu k\u00f6nnen.<\/p>\n<p>Die Verwendung der Analyse-Cookies erfolgt zu dem Zweck, die Qualit\u00e4t unserer Internetseite und ihre Inhalte zu verbessern. Durch die Analyse-Cookies erfahren wir, wie die Internetseite genutzt wird und k\u00f6nnen so unser Angebot stetig optimieren. Die erhobenen Daten, die der Analyse des Surfverhaltens dienen, werden durch technische Vorkehrungen pseudonymisiert. Daher ist eine Zuordnung der Daten zum aufrufenden Nutzer nicht mehr m\u00f6glich. Die Daten werden nicht gemeinsam mit sonstigen personenbezogenen Daten der Nutzer gespeichert.<\/p>\n<p>In diesen Zwecken liegt auch unser berechtigtes Interesse in der Verarbeitung der personenbezogenen Daten nach Art. 6 Abs. 1 lit. f DSGVO.<\/p>\n<p><strong>3.6<\/strong> Cookies werden auf Ihrem Rechner gespeichert und von diesem an unserer Seite \u00fcbermittelt.<\/p>\n<p>Daher haben Sie als Nutzer auch die volle Kontrolle \u00fcber die Verwendung von Cookies. Durch eine \u00c4nderung der Einstellungen in Ihrem Internetbrowser k\u00f6nnen Sie die \u00dcbertragung von Cookies deaktivieren oder einschr\u00e4nken. Bereits gespeicherte Cookies k\u00f6nnen jederzeit gel\u00f6scht werden. Dies kann auch automatisiert erfolgen. Werden Cookies f\u00fcr unsere Internetseite insgesamt deaktiviert, k\u00f6nnen m\u00f6glicherweise nicht mehr alle Funktionen der Internetseite vollumf\u00e4nglich genutzt werden. Die \u00dcbermittlung von Flash-Cookies l\u00e4sst sich nicht \u00fcber die Einstellungen des Browsers, jedoch durch \u00c4nderungen der Einstellung des Flash Players unterbinden.<\/p>\n<h2 class=\"h3\">4. Nutzung unseres Webshops<\/h2>\n<p><strong>4.1<\/strong> Wenn Sie in unserem Webshop bestellen m\u00f6chten, ist es f\u00fcr den Vertragsabschluss erforderlich, dass Sie Ihre pers\u00f6nlichen Daten angeben, die wir f\u00fcr die Abwicklung Ihrer Bestellung ben\u00f6tigen. F\u00fcr die Abwicklung der Vertr\u00e4ge notwendige Pflichtangaben sind gesondert markiert, weitere Angaben sind freiwillig. Die von Ihnen angegebenen Daten verarbeiten wir zur Abwicklung Ihrer Bestellung.<\/p>\n<p>Dazu k\u00f6nnen wir Ihre Zahlungsdaten an unsere Hausbank weitergeben. Soweit ein Versand von Waren geschuldet ist, k\u00f6nnen wir die f\u00fcr den Versand erforderlichen Daten (Name, Adresse) an das von uns beauftragte Logistikunternehmen weitergeben.<\/p>\n<p>Rechtsgrundlage hierf\u00fcr ist Art. 6 Abs. 1 S. 1 lit. a DS-GVO. Dienen die Angaben der Erf\u00fcllung eines Vertrages, dessen Vertragspartei Sie sind oder der Durchf\u00fchrung vorvertraglicher Ma\u00dfnahmen, so ist zus\u00e4tzliche Rechtsgrundlage f\u00fcr die Verarbeitung der Daten Art. 6 Abs. 1 lit. b DSGVO.<\/p>\n<p><strong>4.2<\/strong> Sie k\u00f6nnen freiwillig ein Kundenkonto anlegen, durch das wir Ihre Daten f\u00fcr sp\u00e4tere weitere Eink\u00e4ufe speichern k\u00f6nnen. Bei Anlegung eines Accounts unter \u201eMein Konto\u201c werden die von Ihnen angegebenen Daten, au\u00dferdem die IP-Adresse des Nutzers sowie Datum und Uhrzeit der Registrierung widerruflich gespeichert. Alle weiteren Daten, inklusive Ihres Nutzerkontos, k\u00f6nnen Sie im Kundenbereich stets l\u00f6schen. Auf die Angabe zur Rechtsgrundlage in Abs. 1 wird verwiesen.<\/p>\n<p><strong>4.3<\/strong> Der Zweck der Nutzung ist die Erf\u00fcllung des Vertrages (einschlie\u00dflich vorvertraglicher Ma\u00dfnahmen).<\/p>\n<p>Wir k\u00f6nnen die von Ihnen angegebenen Daten zudem verarbeiten, um Sie \u00fcber interessante Produkte (allerdings ausschlie\u00dflich durch Direktwerbung f\u00fcr eigene \u00e4hnliche Waren oder Dienstleistungen) per E-Mail zu informieren.<\/p>\n<p><strong>4.4<\/strong> Wir sind aufgrund handels- und steuerrechtlicher Vorgaben verpflichtet, Ihre Adress-, Zahlungs- und Bestelldaten f\u00fcr die Dauer von zehn Jahren zu speichern. Allerdings nehmen wir nach zwei Jahren eine Einschr\u00e4nkung der Verarbeitung vor, d. h. Ihre Daten werden nur zur Einhaltung der gesetzlichen Verpflichtungen oder im Falle der Inanspruchnahme aufgrund von Garantien oder Gew\u00e4hrleistungen eingesetzt.<\/p>\n<p><strong>4.5<\/strong> Zur Verhinderung unberechtigter Zugriffe Dritter auf Ihre pers\u00f6nlichen Daten, insbesondere Finanzdaten, wird der Bestellvorgang per XXX-Technik verschl\u00fcsselt.<\/p>\n<h2 class=\"h3\">5. Ihre Rechte<\/h2>\n<p><strong>5.1<\/strong> Sie haben gegen\u00fcber uns u.a. folgende Rechte hinsichtlich der Sie betreffenden personenbezogenen Daten:<\/p>\n<div class=\"list-styles mb-3 list-styles__circle list-styles__circle--secondary-color one-col\"><ul>\n<li>Recht auf <strong>Auskunft<\/strong>, Art. 15 DS-GVO<\/li>\n<li>Recht auf <strong>Berichtigung<\/strong> oder <strong>L\u00f6schung<\/strong>, Art. 16 bzw. 17 DS-GVO<\/li>\n<li>Recht auf <strong>Einschr\u00e4nkung der Verarbeitung<\/strong>, Art. 18 DS-GVO<\/li>\n<li>Recht auf <strong>Daten\u00fcbertragbarkeit<\/strong>, Art. 20 DS-GVO.<\/li>\n<\/ul>\n<\/div>\n<p><strong>5.2<\/strong> Sie haben zudem das Recht, sich bei einer Datenschutz-Aufsichtsbeh\u00f6rde (z.B. dem Berliner Beauftragten f\u00fcr Datenschutz und Informationsfreiheit, \u201cwww.datenschutz-berlin.de\u201d) \u00fcber die Verarbeitung Ihrer personenbezogenen Daten durch uns zu beschweren.<\/p>\n<p><strong>5.3<\/strong> Falls Sie eine Einwilligung zur Verarbeitung Ihrer Daten erteilt haben, k\u00f6nnen Sie diese jederzeit widerrufen, Art 7 Abs. 3 DS-GVO. Ein solcher Widerruf beeinflusst die Zul\u00e4ssigkeit der Verarbeitung Ihrer personenbezogenen Daten, ab dem Zeitpunkt, ab dem Sie ihn gegen\u00fcber uns ausgesprochen haben.<\/p>\n<p>Selbstverst\u00e4ndlich k\u00f6nnen Sie der Verarbeitung Ihrer personenbezogenen Daten f\u00fcr Zwecke der Werbung und Datenanalyse jederzeit widersprechen. \u00dcber Ihren Werbewiderspruch k\u00f6nnen Sie uns unter folgenden Kontaktdaten informieren: <a href=\"mailto:datenschutz@mobilka.de\"><strong>E-Mail<\/strong><\/a>.<\/p>\n<p><strong>5.4<\/strong> Soweit wir die Verarbeitung Ihrer personenbezogenen Daten auf die Interessenabw\u00e4gung st\u00fctzen, k\u00f6nnen Sie <strong>Widerspruch gegen die Verarbeitung<\/strong> einlegen, Art. 21 DS-GVO. Dies ist der Fall, wenn die Verarbeitung insbesondere nicht zur Erf\u00fcllung eines Vertrags mit Ihnen erforderlich ist, was von uns jeweils bei der nachfolgenden Beschreibung der Funktionen dargestellt wird. Bei Aus\u00fcbung eines solchen Widerspruchs bitten wir um Darlegung der Gr\u00fcnde, weshalb wir Ihre personenbezogenen Daten nicht wie von uns durchgef\u00fchrt verarbeiten sollten. Im Falle Ihres begr\u00fcndeten Widerspruchs pr\u00fcfen wir die Sachlage und werden entweder die Datenverarbeitung einstellen bzw. anpassen oder Ihnen unsere zwingenden schutzw\u00fcrdigen Gr\u00fcnde aufzeigen, aufgrund derer wir die Verarbeitung fortf\u00fchren.<\/p>\n<\/div>\n\t<\/div>\n\n<div class=\"col-12\">\n\t\t\t\n<div id=\"acf-block-spacer-block_2587adf3a568a2d2b07259c9f8c36537\" class=\"acf-block-spacer c-pt-10\"><\/div>\n\t<\/div>\n<\/div>\n<\/div><p><\/p>","protected":false},"excerpt":{"rendered":"","protected":false},"author":1,"featured_media":0,"parent":0,"menu_order":0,"comment_status":"closed","ping_status":"closed","template":"","meta":{"_acf_changed":false,"footnotes":""},"page_category":[],"class_list":["post-764","page","type-page","status-publish","hentry"],"acf":[],"yoast_head":"<!-- This site is optimized with the Yoast SEO plugin v27.2 - https:\/\/yoast.com\/product\/yoast-seo-wordpress\/ -->\n<title>\u0417\u0430\u0449\u0438\u0442\u0430 \u0434\u0430\u043d\u043d\u044b\u0445 - Mobilka<\/title>\n<meta name=\"robots\" content=\"index, follow, max-snippet:-1, max-image-preview:large, max-video-preview:-1\" \/>\n<link rel=\"canonical\" href=\"https:\/\/mobilka.de\/ru\/\u0437\u0430\u0449\u0438\u0442\u0430-\u0434\u0430\u043d\u043d\u044b\u0445\" \/>\n<meta property=\"og:locale\" content=\"ru_RU\" \/>\n<meta property=\"og:type\" content=\"article\" \/>\n<meta property=\"og:url\" content=\"https:\/\/mobilka.de\/ru\/\u0437\u0430\u0449\u0438\u0442\u0430-\u0434\u0430\u043d\u043d\u044b\u0445\" \/>\n<meta property=\"og:site_name\" content=\"Mobilka\" \/>\n<meta property=\"article:modified_time\" content=\"2023-05-12T05:51:17+00:00\" \/>\n<meta property=\"og:image\" content=\"https:\/\/mobilka.de\/wp-content\/uploads\/2020\/05\/OG_1200x630px.jpg\" \/>\n\t<meta property=\"og:image:width\" content=\"1200\" \/>\n\t<meta property=\"og:image:height\" content=\"630\" \/>\n\t<meta property=\"og:image:type\" content=\"image\/jpeg\" \/>\n<meta name=\"twitter:card\" content=\"summary_large_image\" \/>\n<script type=\"application\/ld+json\" class=\"yoast-schema-graph\">{\"@context\":\"https:\/\/schema.org\",\"@graph\":[{\"@type\":\"WebPage\",\"@id\":\"https:\/\/mobilka.de\/ru\/%d0%b7%d0%b0%d1%89%d0%b8%d1%82%d0%b0-%d0%b4%d0%b0%d0%bd%d0%bd%d1%8b%d1%85\",\"url\":\"https:\/\/mobilka.de\/ru\/%d0%b7%d0%b0%d1%89%d0%b8%d1%82%d0%b0-%d0%b4%d0%b0%d0%bd%d0%bd%d1%8b%d1%85\",\"name\":\"\u0417\u0430\u0449\u0438\u0442\u0430 \u0434\u0430\u043d\u043d\u044b\u0445 - Mobilka\",\"isPartOf\":{\"@id\":\"https:\/\/mobilka.de\/#website\"},\"datePublished\":\"2020-04-29T11:04:08+00:00\",\"dateModified\":\"2023-05-12T05:51:17+00:00\",\"breadcrumb\":{\"@id\":\"https:\/\/mobilka.de\/ru\/%d0%b7%d0%b0%d1%89%d0%b8%d1%82%d0%b0-%d0%b4%d0%b0%d0%bd%d0%bd%d1%8b%d1%85#breadcrumb\"},\"inLanguage\":\"ru-RU\",\"potentialAction\":[{\"@type\":\"ReadAction\",\"target\":[\"https:\/\/mobilka.de\/ru\/%d0%b7%d0%b0%d1%89%d0%b8%d1%82%d0%b0-%d0%b4%d0%b0%d0%bd%d0%bd%d1%8b%d1%85\"]}]},{\"@type\":\"BreadcrumbList\",\"@id\":\"https:\/\/mobilka.de\/ru\/%d0%b7%d0%b0%d1%89%d0%b8%d1%82%d0%b0-%d0%b4%d0%b0%d0%bd%d0%bd%d1%8b%d1%85#breadcrumb\",\"itemListElement\":[{\"@type\":\"ListItem\",\"position\":1,\"name\":\"Home\",\"item\":\"https:\/\/mobilka.de\/ru\"},{\"@type\":\"ListItem\",\"position\":2,\"name\":\"\u0417\u0430\u0449\u0438\u0442\u0430 \u0434\u0430\u043d\u043d\u044b\u0445\"}]},{\"@type\":\"WebSite\",\"@id\":\"https:\/\/mobilka.de\/#website\",\"url\":\"https:\/\/mobilka.de\/\",\"name\":\"Mobilka\",\"description\":\"Mobil g\u00fcnstig ins Ausland telefonieren\",\"potentialAction\":[{\"@type\":\"SearchAction\",\"target\":{\"@type\":\"EntryPoint\",\"urlTemplate\":\"https:\/\/mobilka.de\/?s={search_term_string}\"},\"query-input\":{\"@type\":\"PropertyValueSpecification\",\"valueRequired\":true,\"valueName\":\"search_term_string\"}}],\"inLanguage\":\"ru-RU\"}]}<\/script>\n<!-- \/ Yoast SEO plugin. -->","yoast_head_json":{"title":"\u0417\u0430\u0449\u0438\u0442\u0430 \u0434\u0430\u043d\u043d\u044b\u0445 - Mobilka","robots":{"index":"index","follow":"follow","max-snippet":"max-snippet:-1","max-image-preview":"max-image-preview:large","max-video-preview":"max-video-preview:-1"},"canonical":"https:\/\/mobilka.de\/ru\/\u0437\u0430\u0449\u0438\u0442\u0430-\u0434\u0430\u043d\u043d\u044b\u0445","og_locale":"ru_RU","og_type":"article","og_url":"https:\/\/mobilka.de\/ru\/\u0437\u0430\u0449\u0438\u0442\u0430-\u0434\u0430\u043d\u043d\u044b\u0445","og_site_name":"Mobilka","article_modified_time":"2023-05-12T05:51:17+00:00","og_image":[{"width":1200,"height":630,"url":"https:\/\/mobilka.de\/wp-content\/uploads\/2020\/05\/OG_1200x630px.jpg","type":"image\/jpeg"}],"twitter_card":"summary_large_image","schema":{"@context":"https:\/\/schema.org","@graph":[{"@type":"WebPage","@id":"https:\/\/mobilka.de\/ru\/%d0%b7%d0%b0%d1%89%d0%b8%d1%82%d0%b0-%d0%b4%d0%b0%d0%bd%d0%bd%d1%8b%d1%85","url":"https:\/\/mobilka.de\/ru\/%d0%b7%d0%b0%d1%89%d0%b8%d1%82%d0%b0-%d0%b4%d0%b0%d0%bd%d0%bd%d1%8b%d1%85","name":"\u0417\u0430\u0449\u0438\u0442\u0430 \u0434\u0430\u043d\u043d\u044b\u0445 - Mobilka","isPartOf":{"@id":"https:\/\/mobilka.de\/#website"},"datePublished":"2020-04-29T11:04:08+00:00","dateModified":"2023-05-12T05:51:17+00:00","breadcrumb":{"@id":"https:\/\/mobilka.de\/ru\/%d0%b7%d0%b0%d1%89%d0%b8%d1%82%d0%b0-%d0%b4%d0%b0%d0%bd%d0%bd%d1%8b%d1%85#breadcrumb"},"inLanguage":"ru-RU","potentialAction":[{"@type":"ReadAction","target":["https:\/\/mobilka.de\/ru\/%d0%b7%d0%b0%d1%89%d0%b8%d1%82%d0%b0-%d0%b4%d0%b0%d0%bd%d0%bd%d1%8b%d1%85"]}]},{"@type":"BreadcrumbList","@id":"https:\/\/mobilka.de\/ru\/%d0%b7%d0%b0%d1%89%d0%b8%d1%82%d0%b0-%d0%b4%d0%b0%d0%bd%d0%bd%d1%8b%d1%85#breadcrumb","itemListElement":[{"@type":"ListItem","position":1,"name":"Home","item":"https:\/\/mobilka.de\/ru"},{"@type":"ListItem","position":2,"name":"\u0417\u0430\u0449\u0438\u0442\u0430 \u0434\u0430\u043d\u043d\u044b\u0445"}]},{"@type":"WebSite","@id":"https:\/\/mobilka.de\/#website","url":"https:\/\/mobilka.de\/","name":"Mobilka","description":"Mobil g\u00fcnstig ins Ausland telefonieren","potentialAction":[{"@type":"SearchAction","target":{"@type":"EntryPoint","urlTemplate":"https:\/\/mobilka.de\/?s={search_term_string}"},"query-input":{"@type":"PropertyValueSpecification","valueRequired":true,"valueName":"search_term_string"}}],"inLanguage":"ru-RU"}]}},"_links":{"self":[{"href":"https:\/\/mobilka.de\/ru\/wp-json\/wp\/v2\/pages\/764","targetHints":{"allow":["GET"]}}],"collection":[{"href":"https:\/\/mobilka.de\/ru\/wp-json\/wp\/v2\/pages"}],"about":[{"href":"https:\/\/mobilka.de\/ru\/wp-json\/wp\/v2\/types\/page"}],"author":[{"embeddable":true,"href":"https:\/\/mobilka.de\/ru\/wp-json\/wp\/v2\/users\/1"}],"replies":[{"embeddable":true,"href":"https:\/\/mobilka.de\/ru\/wp-json\/wp\/v2\/comments?post=764"}],"version-history":[{"count":0,"href":"https:\/\/mobilka.de\/ru\/wp-json\/wp\/v2\/pages\/764\/revisions"}],"wp:attachment":[{"href":"https:\/\/mobilka.de\/ru\/wp-json\/wp\/v2\/media?parent=764"}],"wp:term":[{"taxonomy":"page_category","embeddable":true,"href":"https:\/\/mobilka.de\/ru\/wp-json\/wp\/v2\/page_category?post=764"}],"curies":[{"name":"wp","href":"https:\/\/api.w.org\/{rel}","templated":true}]}}